{"id":16,"date":"2025-09-09T16:44:08","date_gmt":"2025-09-09T16:44:08","guid":{"rendered":"https:\/\/translate.lt\/tinklarastis\/?page_id=16"},"modified":"2025-09-09T16:44:08","modified_gmt":"2025-09-09T16:44:08","slug":"apie-mus","status":"publish","type":"page","link":"https:\/\/translate.lt\/tinklarastis\/apie-mus\/","title":{"rendered":"Apie mus"},"content":{"rendered":"\n<p><strong>Translate.lt &#8211; Tavo langas \u012f platesn\u0119 auditorij\u0105!<\/strong><\/p>\n\n\n\n<p><strong>Ie\u0161kai b\u016bdo pristatyti savo paslaugas t\u016bkstan\u010diams vertim\u0173 ir kalb\u0173 specialist\u0173?<\/strong><\/p>\n\n\n\n<p><strong>M\u016bs\u0173 si\u016blomos galimyb\u0117s:<\/strong><\/p>\n\n\n\n<p>\ud83c\udf1f <strong>REKLAMINIAI SKYDELIAI<\/strong> &#8211; I\u0161naudok galimyb\u0119 patalpinti savo reklam\u0105 m\u016bs\u0173 platformoje ir pritrauk naujus klientus.<\/p>\n\n\n\n<p>\ud83c\udf1f <strong>SEO NUORODOS<\/strong> &#8211; Stiprink savo svetain\u0117s matomum\u0105 Google paie\u0161koje su kokybi\u0161komis nuorodomis i\u0161 translate.lt!<\/p>\n\n\n\n<p><strong>Kod\u0117l translate.lt yra tinkamas pasirinkimas?<\/strong><\/p>\n\n\n\n<p>\ud83d\udcbc <strong>Plati lankytoj\u0173 baz\u0117<\/strong> &#8211; Kas m\u0117nes\u012f sulaukiame vir\u0161 42,000 unikali\u0173 vartotoj\u0173, besidomin\u010di\u0173 vertimais ir tarptautine komunikacija.<\/p>\n\n\n\n<p>\ud83c\udfaf <strong>Specifin\u0117 auditorija<\/strong> &#8211; Mus lanko \u012fmoni\u0173 atstovai, akademin\u0117s bendruomen\u0117s nariai, tyr\u0117jai ir specialistai, aktyviai ie\u0161kantys vertimo sprendim\u0173.<\/p>\n\n\n\n<p><strong>Kaip u\u017esisakyti?<\/strong><\/p>\n\n\n\n<p>\u2705 <strong>Kreipkit\u0117s \u012f mus<\/strong> &#8211; Ra\u0161ykite info@translate.lt <\/p>\n\n\n\n<p>\u2705 <strong>I\u0161sirinkite tinkam\u0105 variant\u0105<\/strong> &#8211; Kartu rasime geriausi\u0105 reklamos format\u0105 j\u016bs\u0173 tikslams<\/p>\n\n\n\n<p>\u2705 <strong>D\u017eiaukit\u0117s poveikiu<\/strong> &#8211; Matykite realius rezultatus ir augant\u012f susidom\u0117jim\u0105<\/p>\n\n\n\n<p>\ud83d\udcf1 <strong>Kreipkit\u0117s jau dabar ir i\u0161naudokite translate.lt platformos teikiamas galimybes savo verslo pl\u0117trai!<\/strong><\/p>\n\n\n\n<p>\ud83c\udf10 <a href=\"http:\/\/www.translate.lt\">translate.lt<\/a><\/p>\n","protected":false},"excerpt":{"rendered":"<p>Translate.lt &#8211; Tavo langas \u012f platesn\u0119 auditorij\u0105! Ie\u0161kai b\u016bdo pristatyti savo paslaugas t\u016bkstan\u010diams vertim\u0173 ir [&hellip;]<\/p>\n","protected":false},"author":1,"featured_media":0,"parent":0,"menu_order":0,"comment_status":"closed","ping_status":"closed","template":"","meta":{"footnotes":""},"class_list":["post-16","page","type-page","status-publish","hentry"],"_links":{"self":[{"href":"https:\/\/translate.lt\/tinklarastis\/wp-json\/wp\/v2\/pages\/16","targetHints":{"allow":["GET"]}}],"collection":[{"href":"https:\/\/translate.lt\/tinklarastis\/wp-json\/wp\/v2\/pages"}],"about":[{"href":"https:\/\/translate.lt\/tinklarastis\/wp-json\/wp\/v2\/types\/page"}],"author":[{"embeddable":true,"href":"https:\/\/translate.lt\/tinklarastis\/wp-json\/wp\/v2\/users\/1"}],"replies":[{"embeddable":true,"href":"https:\/\/translate.lt\/tinklarastis\/wp-json\/wp\/v2\/comments?post=16"}],"version-history":[{"count":1,"href":"https:\/\/translate.lt\/tinklarastis\/wp-json\/wp\/v2\/pages\/16\/revisions"}],"predecessor-version":[{"id":17,"href":"https:\/\/translate.lt\/tinklarastis\/wp-json\/wp\/v2\/pages\/16\/revisions\/17"}],"wp:attachment":[{"href":"https:\/\/translate.lt\/tinklarastis\/wp-json\/wp\/v2\/media?parent=16"}],"curies":[{"name":"wp","href":"https:\/\/api.w.org\/{rel}","templated":true}]}}